{"id":6237,"date":"2023-11-09T13:54:37","date_gmt":"2023-11-09T12:54:37","guid":{"rendered":"https:\/\/storex.se\/?page_id=6237"},"modified":"2023-12-13T14:06:15","modified_gmt":"2023-12-13T13:06:15","slug":"nyheter","status":"publish","type":"page","link":"https:\/\/storex.se\/en\/nyheter\/","title":{"rendered":"Nyheter"},"content":{"rendered":"<div data-elementor-type=\"wp-page\" data-elementor-id=\"6237\" class=\"elementor elementor-6237\" data-elementor-post-type=\"page\">\n\t\t\t\t\t\t<section class=\"elementor-section elementor-top-section elementor-element elementor-element-53546ac elementor-section-boxed elementor-section-height-default elementor-section-height-default\" data-id=\"53546ac\" data-element_type=\"section\">\n\t\t\t\t\t\t<div class=\"elementor-container elementor-column-gap-default\">\n\t\t\t\t\t<div class=\"elementor-column elementor-col-100 elementor-top-column elementor-element elementor-element-7a41506 ot-flex-column-vertical\" data-id=\"7a41506\" data-element_type=\"column\">\n\t\t\t<div class=\"elementor-widget-wrap elementor-element-populated\">\n\t\t\t\t\t\t<div class=\"elementor-element elementor-element-e51e06a elementor-widget elementor-widget-ipost_grid\" data-id=\"e51e06a\" data-element_type=\"widget\" data-widget_type=\"ipost_grid.default\">\n\t\t\t\t<div class=\"elementor-widget-container\">\n\t\t\t\t\t\t\t<div class=\"blog-grid pf_3_cols v-light\">\r\n        \t \r\n<article id=\"post-6967\" class=\"post-box masonry-post-item post-6967 post type-post status-publish format-standard has-post-thumbnail hentry category-nyheter\">\r\n\t<div class=\"post-inner\">\r\n\t    \r\n\t        <div class=\"entry-media post-cat-abs\">\r\n\t            <a href=\"https:\/\/storex.se\/en\/storex-utokar-i-jordbro\/\">\r\n\t                <img fetchpriority=\"high\" decoding=\"async\" width=\"850\" height=\"596\" src=\"https:\/\/storex.se\/wp-content\/uploads\/2024\/02\/IMG_1914_beskuren.png\" class=\"attachment-post-thumbnail size-post-thumbnail wp-post-image\" alt=\"Storex nya lokaler i Jordbro\" srcset=\"https:\/\/storex.se\/wp-content\/uploads\/2024\/02\/IMG_1914_beskuren.png 850w, https:\/\/storex.se\/wp-content\/uploads\/2024\/02\/IMG_1914_beskuren-300x210.png 300w, https:\/\/storex.se\/wp-content\/uploads\/2024\/02\/IMG_1914_beskuren-768x539.png 768w, https:\/\/storex.se\/wp-content\/uploads\/2024\/02\/IMG_1914_beskuren-18x12.png 18w\" sizes=\"(max-width: 850px) 100vw, 850px\" \/>\t            <\/a>\r\n\t            <div class=\"post-cat\"><div class=\"posted-in\"><a href=\"https:\/\/storex.se\/en\/kategori\/nyheter\/\" rel=\"category tag\">Nyheter<\/a><\/div><\/div>\t        <\/div>\r\n\t        \r\n\t    \r\n\t    <div class=\"inner-post\">\r\n\t        <div class=\"entry-header\">\r\n\r\n\t            \t            <div class=\"entry-meta\">\r\n\t            \t\t            <\/div><!-- .entry-meta -->\r\n\t            \r\n\t            <h4 class=\"entry-title\"><a class=\"title-link\" href=\"https:\/\/storex.se\/en\/storex-utokar-i-jordbro\/\" rel=\"bookmark\">Storex ut\u00f6kar kraftigt i Jordbro<\/a><\/h4>\r\n\t        <\/div><!-- .entry-header -->\r\n\r\n\t        <div class=\"entry-summary the-excerpt\">\r\n\r\n\t            <p>Storex expanderar kapaciteten i Stockholm genom \u00f6vertagande av Dagabs lokaler i Jordbro.<\/p>\n\r\n\t        <\/div><!-- .entry-content -->\r\n\t        <div class=\"entry-footer\">\r\n\t        \t<a href=\"https:\/\/storex.se\/en\/storex-utokar-i-jordbro\/\" class=\"btn-details\"> L\u00c4S MER<\/a>\t        <\/div>\r\n\t    <\/div>\r\n\t<\/div>\r\n<\/article> \r\n<article id=\"post-6667\" class=\"post-box masonry-post-item post-6667 post type-post status-publish format-standard has-post-thumbnail hentry category-nyheter\">\r\n\t<div class=\"post-inner\">\r\n\t    \r\n\t        <div class=\"entry-media post-cat-abs\">\r\n\t            <a href=\"https:\/\/storex.se\/en\/text-utan-bild-i-artikeln-2\/\">\r\n\t                <img decoding=\"async\" width=\"750\" height=\"533\" src=\"https:\/\/storex.se\/wp-content\/uploads\/2023\/09\/Storex33.jpg\" class=\"attachment-post-thumbnail size-post-thumbnail wp-post-image\" alt=\"Storex - Experter inom 3PL, E-handelslogistik och Marknadslogistik.\" srcset=\"https:\/\/storex.se\/wp-content\/uploads\/2023\/09\/Storex33.jpg 750w, https:\/\/storex.se\/wp-content\/uploads\/2023\/09\/Storex33-300x213.jpg 300w\" sizes=\"(max-width: 750px) 100vw, 750px\" \/>\t            <\/a>\r\n\t            <div class=\"post-cat\"><div class=\"posted-in\"><a href=\"https:\/\/storex.se\/en\/kategori\/nyheter\/\" rel=\"category tag\">Nyheter<\/a><\/div><\/div>\t        <\/div>\r\n\t        \r\n\t    \r\n\t    <div class=\"inner-post\">\r\n\t        <div class=\"entry-header\">\r\n\r\n\t            \t            <div class=\"entry-meta\">\r\n\t            \t\t            <\/div><!-- .entry-meta -->\r\n\t            \r\n\t            <h4 class=\"entry-title\"><a class=\"title-link\" href=\"https:\/\/storex.se\/en\/text-utan-bild-i-artikeln-2\/\" rel=\"bookmark\">Storex lanserar l\u00f6sning f\u00f6r digitala returer<\/a><\/h4>\r\n\t        <\/div><!-- .entry-header -->\r\n\r\n\t        <div class=\"entry-summary the-excerpt\">\r\n\r\n\t            <p>Storex lanserar digitala returer. Tj\u00e4nsten m\u00f6jligg\u00f6r digital returregistrering, ers\u00e4tter alla printade retur- och f\u00f6ljesedlar och skapar ett helt digitala returfl\u00f6de.<\/p>\n\r\n\t        <\/div><!-- .entry-content -->\r\n\t        <div class=\"entry-footer\">\r\n\t        \t<a href=\"https:\/\/storex.se\/en\/text-utan-bild-i-artikeln-2\/\" class=\"btn-details\"> L\u00c4S MER<\/a>\t        <\/div>\r\n\t    <\/div>\r\n\t<\/div>\r\n<\/article>\t    <\/div>\r\n\t    \t    \r\n\t\t\t\t\t\t<\/div>\n\t\t\t\t<\/div>\n\t\t\t\t\t<\/div>\n\t\t<\/div>\n\t\t\t\t\t<\/div>\n\t\t<\/section>\n\t\t\t\t<\/div>","protected":false},"excerpt":{"rendered":"<p>Artiklar 21 november 2023remediagroup0 Comments Test layout 1 Storex hanterar a\u030arligen hundratusentals sa\u0308ndningar o\u0308ver hela va\u0308rlden. Genom att vara transporto\u0308rsoberoende kan vi fo\u0308rhandla fram fo\u0308rma\u030anliga fraktavtal baserat pa\u030a va\u030ara kunders samlade volymer. Vi va\u0308ljer sedan den transporto\u0308r som ba\u0308st passar fo\u0308r varje specifikt flo\u0308de. Dessutom kan vi erbjuda tullager fo\u0308r ytterligare flexibilitet. Storex hanterar a\u030arligen [&hellip;]<\/p>","protected":false},"author":1,"featured_media":0,"parent":0,"menu_order":0,"comment_status":"closed","ping_status":"closed","template":"","meta":{"footnotes":""},"class_list":["post-6237","page","type-page","status-publish","hentry"],"aioseo_notices":[],"_links":{"self":[{"href":"https:\/\/storex.se\/en\/wp-json\/wp\/v2\/pages\/6237","targetHints":{"allow":["GET"]}}],"collection":[{"href":"https:\/\/storex.se\/en\/wp-json\/wp\/v2\/pages"}],"about":[{"href":"https:\/\/storex.se\/en\/wp-json\/wp\/v2\/types\/page"}],"author":[{"embeddable":true,"href":"https:\/\/storex.se\/en\/wp-json\/wp\/v2\/users\/1"}],"replies":[{"embeddable":true,"href":"https:\/\/storex.se\/en\/wp-json\/wp\/v2\/comments?post=6237"}],"version-history":[{"count":0,"href":"https:\/\/storex.se\/en\/wp-json\/wp\/v2\/pages\/6237\/revisions"}],"wp:attachment":[{"href":"https:\/\/storex.se\/en\/wp-json\/wp\/v2\/media?parent=6237"}],"curies":[{"name":"wp","href":"https:\/\/api.w.org\/{rel}","templated":true}]}}