{"id":5158,"date":"2023-02-27T22:33:16","date_gmt":"2023-02-27T21:33:16","guid":{"rendered":"https:\/\/storex.se\/nywebb\/?page_id=5158"},"modified":"2023-02-27T22:40:30","modified_gmt":"2023-02-27T21:40:30","slug":"integritetspolicy","status":"publish","type":"page","link":"https:\/\/storex.se\/en\/integritetspolicy\/","title":{"rendered":"Privacy Policy"},"content":{"rendered":"<div data-elementor-type=\"wp-page\" data-elementor-id=\"5158\" class=\"elementor elementor-5158\" data-elementor-post-type=\"page\">\n\t\t\t\t\t\t<section class=\"elementor-section elementor-top-section elementor-element elementor-element-4c20846 elementor-section-full_width elementor-section-height-default elementor-section-height-default\" data-id=\"4c20846\" data-element_type=\"section\" data-settings=\"{&quot;background_background&quot;:&quot;classic&quot;}\">\n\t\t\t\t\t\t\t<div class=\"elementor-background-overlay\"><\/div>\n\t\t\t\t\t\t\t<div class=\"elementor-container elementor-column-gap-default\">\n\t\t\t\t\t<div class=\"elementor-column elementor-col-100 elementor-top-column elementor-element elementor-element-b5f7715 ot-flex-column-vertical\" data-id=\"b5f7715\" data-element_type=\"column\">\n\t\t\t<div class=\"elementor-widget-wrap elementor-element-populated\">\n\t\t\t\t\t\t<div class=\"elementor-element elementor-element-66cc6f3 elementor-widget elementor-widget-spacer\" data-id=\"66cc6f3\" data-element_type=\"widget\" data-widget_type=\"spacer.default\">\n\t\t\t\t<div class=\"elementor-widget-container\">\n\t\t\t\t\t\t\t<div class=\"elementor-spacer\">\n\t\t\t<div class=\"elementor-spacer-inner\"><\/div>\n\t\t<\/div>\n\t\t\t\t\t\t<\/div>\n\t\t\t\t<\/div>\n\t\t\t\t<div class=\"elementor-element elementor-element-355f49c theratio-align-center elementor-widget elementor-widget-iheading\" data-id=\"355f49c\" data-element_type=\"widget\" data-widget_type=\"iheading.default\">\n\t\t\t\t<div class=\"elementor-widget-container\">\n\t\t\t\t\t\t\t<div class=\"ot-heading\">\r\n\t        \t        <h2 class=\"main-heading\">Privacy Policy<\/h2>\r\n\t        \t    <\/div>\r\n\t    \t\t\t\t<\/div>\n\t\t\t\t<\/div>\n\t\t\t\t\t<\/div>\n\t\t<\/div>\n\t\t\t\t\t<\/div>\n\t\t<\/section>\n\t\t\t\t<section class=\"elementor-section elementor-top-section elementor-element elementor-element-270344b elementor-section-content-middle elementor-section-boxed elementor-section-height-default elementor-section-height-default\" data-id=\"270344b\" data-element_type=\"section\">\n\t\t\t\t\t\t<div class=\"elementor-container elementor-column-gap-extended\">\n\t\t\t\t\t<div class=\"elementor-column elementor-col-100 elementor-top-column elementor-element elementor-element-8a77377 ot-flex-column-vertical\" data-id=\"8a77377\" data-element_type=\"column\">\n\t\t\t<div class=\"elementor-widget-wrap elementor-element-populated\">\n\t\t\t\t\t\t<div class=\"elementor-element elementor-element-16c2e67 elementor-widget elementor-widget-spacer\" data-id=\"16c2e67\" data-element_type=\"widget\" data-widget_type=\"spacer.default\">\n\t\t\t\t<div class=\"elementor-widget-container\">\n\t\t\t\t\t\t\t<div class=\"elementor-spacer\">\n\t\t\t<div class=\"elementor-spacer-inner\"><\/div>\n\t\t<\/div>\n\t\t\t\t\t\t<\/div>\n\t\t\t\t<\/div>\n\t\t\t\t<div class=\"elementor-element elementor-element-7bb0761 elementor-widget elementor-widget-text-editor\" data-id=\"7bb0761\" data-element_type=\"widget\" data-widget_type=\"text-editor.default\">\n\t\t\t\t<div class=\"elementor-widget-container\">\n\t\t\t\t\t\t\t\t\t<p>Storex ABs Integritetspolicy<\/p><p><strong>Vad kul att du vill bes\u00f6ka v\u00e5r webbplats www.storex.se. <\/strong><strong>Vi inser hur viktigt det \u00e4r att anv\u00e4nda dina personuppgifter p\u00e5 ett hederligt och ansvarsfullt s\u00e4tt. Vi vill informera om vilka uppgifter vi f\u00e5r reda p\u00e5 om dig n\u00e4r du bes\u00f6ker v\u00e5r webbplats och vad vi g\u00f6r med uppgifterna. Det \u00e4r viktigt f\u00f6r oss att du k\u00e4nner dig trygg n\u00e4r du bes\u00f6ker v\u00e5r Webbplats och lagrar endast de uppgifter vi beh\u00f6ver i det syfte som framg\u00e5r i denna policy. Vi sparar endast uppgifterna s\u00e5 l\u00e4nge de \u00e4r aktuella, beh\u00f6vs och du gett samtycke till det.<\/strong><\/p><h6><br \/><strong>Hur samlar vi in uppgifterna?<\/strong><\/h6><p>N\u00e4r du bes\u00f6ker Webbplatsen, kan vi identifiera din dators IP-adress. Trots dessa uppgifter f\u00f6rblir du anonym, om du inte sj\u00e4lv v\u00e4ljer att l\u00e4mna uppgifter som kan identifiera dig, exempelvis genom att registrera dig f\u00f6r v\u00e5rt nyhetsbrev, l\u00e4mna uppgifter i v\u00e5rt kontaktformul\u00e4r, skicka e-postmeddelanden till oss eller om du p\u00e5 annat s\u00e4tt v\u00e4ljer att l\u00e4mna uppgifter om dig sj\u00e4lv eller din verksamhet. V\u00e4ljer du att l\u00e4mna upplysningar som identifierar dig, samlar vi in dem f\u00f6r anv\u00e4ndning<strong>\u00a0<u>inom<\/u><\/strong>\u00a0f\u00f6retaget, i de syften som anges i denna sekretesspolicy. N\u00e4r du registrerar dig f\u00f6r nyhetsbrev eller fyller i kontaktformul\u00e4ret p\u00e5 webbplatsen ber vi dig att ange namn, f\u00f6retag, adress, e-postadress och telefonnummer. Eventuellt kan ett meddelande l\u00e4mnas i kontaktformul\u00e4ret, men vi ber dig att inte fylla i personuppgifter eller k\u00e4nsliga uppgifter utan endast \u00f6vrig information som kan vara relevant f\u00f6r \u00e4ndam\u00e5let. Finns \u00e4ven m\u00f6jlighet att kontakta oss via mail, dessa mail tar vi endast del av informationen vid det tillf\u00e4llet uppgifterna \u00e4r till syfte att anv\u00e4ndas till det \u00e4ndam\u00e5l som \u00f6nskas utifr\u00e5n dig som kund eller bes\u00f6kare annars raderas det.<\/p><h6><br \/><strong>Hur anv\u00e4nder vi uppgifterna?<\/strong><\/h6><p>V\u00e5rt fr\u00e4msta syfte med insamlande av personuppgifter \u00e4r att kunna erbjuda dig en anpassad tj\u00e4nst och att leverera en b\u00e4ttre tj\u00e4nst och mer relevant inneh\u00e5ll. Vi anv\u00e4nder de uppgifter vi samlar in till att ge dig information eller tj\u00e4nster du efterfr\u00e5gar och f\u00f6r att f\u00f6rst\u00e5 v\u00e5ra bes\u00f6kare b\u00e4ttre. F\u00f6r att uppn\u00e5 detta analyserar vi uppgifter om bes\u00f6karnas demografiska f\u00f6rh\u00e5llanden, intressen och beteende utifr\u00e5n de uppgifter vi erh\u00e5ller fr\u00e5n v\u00e5r webbplats. Forskning och analys utf\u00f6rs p\u00e5 en sammanslagen niv\u00e5 och \u00e4r inte avsedd att identifiera enskilda bes\u00f6kare.<\/p><p>Vi kan \u00e4ven vid tillf\u00e4lle anv\u00e4nda de uppgifter du l\u00e4mnat f\u00f6r att s\u00e4nda dig information (via brev eller e-post) om oss och tj\u00e4nster som vi tror \u00e4r av intresse f\u00f6r dig. Du f\u00e5r s\u00e5dan information endast fr\u00e5n oss. Du kommer inte att f\u00e5 s\u00e5dan information om du angivit att du mots\u00e4tter dig det. Om du vid n\u00e5gon tidpunkt inte l\u00e4ngre vill f\u00e5 s\u00e5dan information fr\u00e5n oss, kontaktar du oss. Vid registrering av nyhetsbrev f\u00f6ljer det alltid med en l\u00e4nk i slutet av brevet d\u00e4r du kan avregistrera dig n\u00e4r du vill.<\/p><p>Den information vi samlar in fr\u00e5n dig kan anv\u00e4ndas f\u00f6r att:<\/p><ul><li>G\u00f6ra din upplevelse personlig och tillgodose dig med information g\u00e4llande oss och v\u00e5ra tj\u00e4nster<\/li><li>Tillhandah\u00e5lla Nyhetsbrev och andra erbjudanden samt e-postutskick<\/li><li>F\u00f6rb\u00e4ttra v\u00e5r hemsida, f\u00f6ra statistik f\u00f6r att f\u00f6rst\u00e5 v\u00e5ra kunder och bes\u00f6kare b\u00e4ttre<\/li><li>F\u00f6rb\u00e4ttra v\u00e5r kundservice och ditt behov av hj\u00e4lp<\/li><li>Kontakta dig utifr\u00e5n de uppgifter du l\u00e4mnat till oss<\/li><\/ul><h6><strong><br \/>Var hamnar uppgifterna?<\/strong><\/h6><p>Storex AB sk\u00e4nker inte bort, s\u00e4ljer eller hyr ut uppgifter om dig till tredje part. Detta inkluderar dock inte v\u00e5ra betrodda tredjepartsleverant\u00f6rer som hj\u00e4lper oss att driva v\u00e5r webbplats eller v\u00e5rt f\u00f6retag, med kravet att dessa parter godk\u00e4nner att h\u00e5lla informationen konfidentiell och s\u00e4ker i enlighet med GDPR (General Data Protection Regulation).<\/p><p>F\u00f6r att kunna erbjuda b\u00e4ttre tj\u00e4nster, kan vi komma att vidarebefordra personuppgifter till andra f\u00f6retag. S\u00e5dana f\u00f6retag kan finnas i l\u00e4nder som inte erbjuder samma slags lagstadgade skydd f\u00f6r personuppgifter som dem som g\u00e4ller inom EU. Trots detta g\u00f6r vi v\u00e5rt b\u00e4sta f\u00f6r att h\u00e5lla dina personuppgifter konfidentiella inom v\u00e5rt f\u00f6retag, oavsett om det \u00e4r inom EU eller om det skett en internationell \u00f6verf\u00f6ring till andra f\u00f6retag.<\/p><p>Vi kan i s\u00e4rskilda fall avsl\u00f6ja personuppgifter, n\u00e4r vi har sk\u00e4l att tro att uppgifterna \u00e4r n\u00f6dv\u00e4ndiga f\u00f6r att identifiera, kontakta eller f\u00f6ra talan mot n\u00e5gon som kan ha gjort intr\u00e5ng p\u00e5 Webbplatsen och brutit mot anv\u00e4ndaravtalet. Eller som p\u00e5 annat vis gjort intr\u00e5ng, inkr\u00e4ktar p\u00e5 v\u00e5ra r\u00e4ttigheter eller egendom, eller v\u00e5ra kunder samt bes\u00f6kares r\u00e4ttigheter, n\u00e4r vi \u00e4r i god tro och \u00e4r \u00f6vertygade om att lagen kr\u00e4ver att vi avsl\u00f6jar uppgifterna.<\/p><h6><strong><br \/>Anv\u00e4nder vi oss av Cookies\/Kakor?<\/strong><\/h6><p>Vidare kan vi i likhet med m\u00e5nga andra organisationer l\u00e4gga en s\u00e5 kallad cookie p\u00e5 din h\u00e5rddisk fr\u00e5n vissa av Webbplatsens sidor. En cookie \u00e4r en liten textfil som l\u00e4ggs p\u00e5 din h\u00e5rddisk av v\u00e5r server och \u00e4r ditt \u201cid-kort\u201d hos oss. Den \u00e4r unik f\u00f6r dig, men inneh\u00e5ller inte information som identifierar dig personligen och kan endast l\u00e4sas av servern som skickade den. Bland annat g\u00f6r den att du enkelt kan navigera p\u00e5 Webbplatsen. Syftet \u00e4r att ber\u00e4tta f\u00f6r v\u00e5r server att du har \u00e5terv\u00e4nt till en viss webbsida. Det spar tid f\u00f6r dig, f\u00f6r om du gjort en personlig utformning av sidor eller registrerat dig f\u00f6r att f\u00e5 tillg\u00e5ng till vissa delar av Webbplatsen, hj\u00e4lper en cookie Webbplatsen att komma ih\u00e5g vem du \u00e4r. Den hj\u00e4lper oss \u00e4ven att f\u00f6rb\u00e4ttra Webbplatsen, eftersom vi genom dem l\u00e4r oss vilka delar av Webbplatsen som \u00e4r popul\u00e4rast. De flesta webbl\u00e4sare \u00e4r inst\u00e4llda f\u00f6r att acceptera cookies, men du kan st\u00e4lla in din webbl\u00e4sare s\u00e5 att den varnar dig innan du accepterar cookies och v\u00e4gra att acceptera en efter varningen. Du kan \u00e4ven st\u00e4lla in din webbl\u00e4sare s\u00e5 att den automatiskt v\u00e4grar acceptera cookies. St\u00e4ller du in din webbl\u00e4sare s\u00e5, kanske du inte kan anv\u00e4nda vissa delar av Webbplatsen.<\/p><h6><strong><br \/>Samtycke<\/strong><\/h6><p>Genom att anv\u00e4nda v\u00e5r webbplats samtycker du till att dina personuppgifter anv\u00e4nds p\u00e5 det s\u00e4tt som anges i denna sekretesspolicy.<\/p><h6><strong><br \/>Kontrollera att uppgifterna \u00e4r korrekta<\/strong><\/h6><p>Du kan n\u00e4r som helst ta kontakt med oss f\u00f6r att kontrollera att dina uppgifter \u00e4r korrekta, eller be oss uppdatera, korrigera eller radera uppgifterna. N\u00e4r dina uppgifter raderas har du inte l\u00e4ngre tilltr\u00e4de till webbplatsen som \u00e4r avsedd f\u00f6r kunder och bes\u00f6kare, vilket \u00e4ven omfattar ett eventuellt e-postkonto. Du blir helt bortgl\u00f6md i v\u00e5ra system. F\u00f6r kontakt v\u00e4nligen mejla till\u00a0<a href=\"mailto:admin@storex.se\" target=\"_blank\" rel=\"noopener\">admin@storex.se<\/a><\/p>\t\t\t\t\t\t\t\t<\/div>\n\t\t\t\t<\/div>\n\t\t\t\t<div class=\"elementor-element elementor-element-320aea6 elementor-widget elementor-widget-spacer\" data-id=\"320aea6\" data-element_type=\"widget\" data-widget_type=\"spacer.default\">\n\t\t\t\t<div class=\"elementor-widget-container\">\n\t\t\t\t\t\t\t<div class=\"elementor-spacer\">\n\t\t\t<div class=\"elementor-spacer-inner\"><\/div>\n\t\t<\/div>\n\t\t\t\t\t\t<\/div>\n\t\t\t\t<\/div>\n\t\t\t\t\t<\/div>\n\t\t<\/div>\n\t\t\t\t\t<\/div>\n\t\t<\/section>\n\t\t\t\t<section class=\"elementor-section elementor-top-section elementor-element elementor-element-3a6052f elementor-section-content-middle elementor-section-boxed elementor-section-height-default elementor-section-height-default\" data-id=\"3a6052f\" data-element_type=\"section\" data-settings=\"{&quot;background_background&quot;:&quot;classic&quot;}\">\n\t\t\t\t\t\t<div class=\"elementor-container elementor-column-gap-default\">\n\t\t\t\t\t<div class=\"elementor-column elementor-col-50 elementor-top-column elementor-element elementor-element-4b30d84 ot-flex-column-vertical\" data-id=\"4b30d84\" data-element_type=\"column\">\n\t\t\t<div class=\"elementor-widget-wrap elementor-element-populated\">\n\t\t\t\t\t\t<section class=\"elementor-section elementor-inner-section elementor-element elementor-element-ca3736f elementor-section-full_width elementor-section-content-middle elementor-section-height-default elementor-section-height-default\" data-id=\"ca3736f\" data-element_type=\"section\">\n\t\t\t\t\t\t<div class=\"elementor-container elementor-column-gap-extended\">\n\t\t\t\t\t<div class=\"elementor-column elementor-col-100 elementor-inner-column elementor-element elementor-element-9455582 ot-flex-column-vertical\" data-id=\"9455582\" data-element_type=\"column\">\n\t\t\t<div class=\"elementor-widget-wrap elementor-element-populated\">\n\t\t\t\t\t\t<div class=\"elementor-element elementor-element-5e46855 elementor-widget elementor-widget-iheading\" data-id=\"5e46855\" data-element_type=\"widget\" data-widget_type=\"iheading.default\">\n\t\t\t\t<div class=\"elementor-widget-container\">\n\t\t\t\t\t\t\t<div class=\"ot-heading\">\r\n\t        \t        <h2 class=\"main-heading\">A family-owned business from 1987 in its second generation.<\/h2>\r\n\t        \t    <\/div>\r\n\t    \t\t\t\t<\/div>\n\t\t\t\t<\/div>\n\t\t\t\t<div class=\"elementor-element elementor-element-cd9fced elementor-widget elementor-widget-text-editor\" data-id=\"cd9fced\" data-element_type=\"widget\" data-widget_type=\"text-editor.default\">\n\t\t\t\t<div class=\"elementor-widget-container\">\n\t\t\t\t\t\t\t\t\t<p>Idag drivs f\u00f6retaget av fyra syskon som har service i blodet och starkt engagemang. Du som kund kan r\u00e4kna med ett personligt bem\u00f6tande och korta beslutsv\u00e4gar. Idag har Storex ett 90-tal anst\u00e4llda och oms\u00e4tter cirka 140 miljoner kronor per \u00e5r.<\/p>\t\t\t\t\t\t\t\t<\/div>\n\t\t\t\t<\/div>\n\t\t\t\t\t<\/div>\n\t\t<\/div>\n\t\t\t\t\t<\/div>\n\t\t<\/section>\n\t\t\t\t\t<\/div>\n\t\t<\/div>\n\t\t\t\t<div class=\"elementor-column elementor-col-50 elementor-top-column elementor-element elementor-element-e5e24af ot-flex-column-vertical\" data-id=\"e5e24af\" data-element_type=\"column\">\n\t\t\t<div class=\"elementor-widget-wrap elementor-element-populated\">\n\t\t\t\t\t\t<section class=\"elementor-section elementor-inner-section elementor-element elementor-element-636d6cc elementor-section-full_width elementor-section-content-middle elementor-section-height-default elementor-section-height-default\" data-id=\"636d6cc\" data-element_type=\"section\">\n\t\t\t\t\t\t<div class=\"elementor-container elementor-column-gap-extended\">\n\t\t\t\t\t<div class=\"elementor-column elementor-col-100 elementor-inner-column elementor-element elementor-element-26246df ot-flex-column-vertical\" data-id=\"26246df\" data-element_type=\"column\">\n\t\t\t<div class=\"elementor-widget-wrap elementor-element-populated\">\n\t\t\t\t\t\t<div class=\"elementor-element elementor-element-17c92a3 elementor-widget elementor-widget-image\" data-id=\"17c92a3\" data-element_type=\"widget\" data-widget_type=\"image.default\">\n\t\t\t\t<div class=\"elementor-widget-container\">\n\t\t\t\t\t\t\t\t\t\t\t\t\t\t\t<img fetchpriority=\"high\" decoding=\"async\" width=\"853\" height=\"1280\" src=\"https:\/\/storex.se\/wp-content\/uploads\/2023\/02\/Storex102.jpeg\" class=\"attachment-full size-full wp-image-4642\" alt=\"Storex - Experter inom 3PL, E-handelslogistik och Marknadslogistik.\" srcset=\"https:\/\/storex.se\/wp-content\/uploads\/2023\/02\/Storex102.jpeg 853w, https:\/\/storex.se\/wp-content\/uploads\/2023\/02\/Storex102-200x300.jpeg 200w, https:\/\/storex.se\/wp-content\/uploads\/2023\/02\/Storex102-682x1024.jpeg 682w, https:\/\/storex.se\/wp-content\/uploads\/2023\/02\/Storex102-768x1152.jpeg 768w\" sizes=\"(max-width: 853px) 100vw, 853px\" \/>\t\t\t\t\t\t\t\t\t\t\t\t\t\t\t<\/div>\n\t\t\t\t<\/div>\n\t\t\t\t\t<\/div>\n\t\t<\/div>\n\t\t\t\t\t<\/div>\n\t\t<\/section>\n\t\t\t\t\t<\/div>\n\t\t<\/div>\n\t\t\t\t\t<\/div>\n\t\t<\/section>\n\t\t\t\t<section class=\"elementor-section elementor-top-section elementor-element elementor-element-9c12855 elementor-section-boxed elementor-section-height-default elementor-section-height-default\" data-id=\"9c12855\" data-element_type=\"section\" data-settings=\"{&quot;background_background&quot;:&quot;classic&quot;}\">\n\t\t\t\t\t\t<div class=\"elementor-container elementor-column-gap-default\">\n\t\t\t\t\t<div class=\"elementor-column elementor-col-100 elementor-top-column elementor-element elementor-element-7ff8b3b ot-flex-column-vertical\" data-id=\"7ff8b3b\" data-element_type=\"column\">\n\t\t\t<div class=\"elementor-widget-wrap elementor-element-populated\">\n\t\t\t\t\t\t<div class=\"elementor-element elementor-element-3b62fbb theratio-align-center elementor-widget elementor-widget-iheading\" data-id=\"3b62fbb\" data-element_type=\"widget\" data-widget_type=\"iheading.default\">\n\t\t\t\t<div class=\"elementor-widget-container\">\n\t\t\t\t\t\t\t<div class=\"ot-heading is-dots\">\r\n\t        \t        <h2 class=\"main-heading\">Vi tar din logistik l\u00e4ngre<\/h2>\r\n\t        \t    <\/div>\r\n\t    \t\t\t\t<\/div>\n\t\t\t\t<\/div>\n\t\t\t\t<div class=\"elementor-element elementor-element-e1f86f4 elementor-widget elementor-widget-iprocessbox\" data-id=\"e1f86f4\" data-element_type=\"widget\" data-widget_type=\"iprocessbox.default\">\n\t\t\t\t<div class=\"elementor-widget-container\">\n\t\t\t\t\t\r\n\t\t<div class=\"ot-process\" >\r\n\t\t\t\t\t\t\t<ul class=\"process_nav unstyle\">\r\n\t\t\t\t\t\t\t\t\t\t<li>\r\n\t\t\t\t\t\t<div class=\"icon-main\">\r\n\t\t\t\t\t\t\t<span class=\"dcell\">\r\n\t\t\t\t\t\t\t\t<i aria-hidden=\"true\" class=\"fas fa-random\"><\/i>\t\t\t\t\t\t\t<\/span>\r\n\t\t\t\t\t\t\t<span class=\"number-stroke\">01<\/span>\r\n\t\t\t\t\t\t<\/div>\r\n\t\t\t\t\t\t<h5>Flexibility<\/h5>\r\n\t\t\t\t\t\t<div class=\"process-des\">\r\n\t\t\t\t\t\t\t<p class=\"process-des-item\">Vi erbjuder flexibilitet f\u00f6r er organisation. Att snabbt kunna v\u00e4xla upp och ner, v\u00e4lja antalet resurser \u00e4r en f\u00f6ruts\u00e4ttning f\u00f6r att bedriva kostnadseffektiva verksamheter. <\/p>\r\n\t\t\t\t\t\t<\/div>\r\n\t\t\t\t\t<\/li>\r\n\t\t\t\t\t\t\t\t\t\t<li>\r\n\t\t\t\t\t\t<div class=\"icon-main\">\r\n\t\t\t\t\t\t\t<span class=\"dcell\">\r\n\t\t\t\t\t\t\t\t<i aria-hidden=\"true\" class=\"far fa-user\"><\/i>\t\t\t\t\t\t\t<\/span>\r\n\t\t\t\t\t\t\t<span class=\"number-stroke\">02<\/span>\r\n\t\t\t\t\t\t<\/div>\r\n\t\t\t\t\t\t<h5>Personligt<\/h5>\r\n\t\t\t\t\t\t<div class=\"process-des\">\r\n\t\t\t\t\t\t\t<p class=\"process-des-item\">Kund = kollega, tillsammans skapar vi l\u00f6sningar p\u00e5 vardagens problem och ser till att ni rullar oavsett volym. <\/p>\r\n\t\t\t\t\t\t<\/div>\r\n\t\t\t\t\t<\/li>\r\n\t\t\t\t\t\t\t\t\t\t<li>\r\n\t\t\t\t\t\t<div class=\"icon-main\">\r\n\t\t\t\t\t\t\t<span class=\"dcell\">\r\n\t\t\t\t\t\t\t\t<i aria-hidden=\"true\" class=\"far fa-sun\"><\/i>\t\t\t\t\t\t\t<\/span>\r\n\t\t\t\t\t\t\t<span class=\"number-stroke\">03<\/span>\r\n\t\t\t\t\t\t<\/div>\r\n\t\t\t\t\t\t<h5>Kundskap<\/h5>\r\n\t\t\t\t\t\t<div class=\"process-des\">\r\n\t\t\t\t\t\t\t<p class=\"process-des-item\">Vi kommer fr\u00e5n branschen och kan branschen. Att veta vad v\u00e5ra kunder vill leverera, \u00e4r nyckeln till lyckat utf\u00f6rande. Simplex \u00e4r en partner som f\u00f6rst\u00e5r er vardag och skapar l\u00f6sningar d\u00e4refter. <\/p>\r\n\t\t\t\t\t\t<\/div>\r\n\t\t\t\t\t<\/li>\r\n\t\t\t\t\t\t\t\t\t<\/ul>\r\n\t\t\t\t    <\/div>\r\n\r\n\t    \t\t\t\t<\/div>\n\t\t\t\t<\/div>\n\t\t\t\t<div class=\"elementor-element elementor-element-ecbbae6 elementor-align-center elementor-widget elementor-widget-ibutton\" data-id=\"ecbbae6\" data-element_type=\"widget\" data-widget_type=\"ibutton.default\">\n\t\t\t\t<div class=\"elementor-widget-container\">\n\t\t\t\t\t\t\t<div class=\"ot-button\">\r\n\t\t\t<a href=\"\/en\/kontakt\/\" class=\"octf-btn octf-btn-light\">CURIOUS ABOUT WHAT WE CAN DO FOR YOUR BUSINESS?<\/a>\r\n\t    <\/div>\r\n\t    \t\t\t\t<\/div>\n\t\t\t\t<\/div>\n\t\t\t\t\t<\/div>\n\t\t<\/div>\n\t\t\t\t\t<\/div>\n\t\t<\/section>\n\t\t\t\t<\/div>","protected":false},"excerpt":{"rendered":"<p>Integritetspolicy Storex ABs Integritetspolicy Vad kul att du vill bes\u00f6ka v\u00e5r webbplats www.storex.se. Vi inser hur viktigt det \u00e4r att anv\u00e4nda dina personuppgifter p\u00e5 ett hederligt och ansvarsfullt s\u00e4tt. Vi vill informera om vilka uppgifter vi f\u00e5r reda p\u00e5 om dig n\u00e4r du bes\u00f6ker v\u00e5r webbplats och vad vi g\u00f6r med uppgifterna. Det \u00e4r viktigt [&hellip;]<\/p>","protected":false},"author":1,"featured_media":0,"parent":0,"menu_order":0,"comment_status":"closed","ping_status":"closed","template":"","meta":{"footnotes":""},"class_list":["post-5158","page","type-page","status-publish","hentry"],"aioseo_notices":[],"_links":{"self":[{"href":"https:\/\/storex.se\/en\/wp-json\/wp\/v2\/pages\/5158","targetHints":{"allow":["GET"]}}],"collection":[{"href":"https:\/\/storex.se\/en\/wp-json\/wp\/v2\/pages"}],"about":[{"href":"https:\/\/storex.se\/en\/wp-json\/wp\/v2\/types\/page"}],"author":[{"embeddable":true,"href":"https:\/\/storex.se\/en\/wp-json\/wp\/v2\/users\/1"}],"replies":[{"embeddable":true,"href":"https:\/\/storex.se\/en\/wp-json\/wp\/v2\/comments?post=5158"}],"version-history":[{"count":0,"href":"https:\/\/storex.se\/en\/wp-json\/wp\/v2\/pages\/5158\/revisions"}],"wp:attachment":[{"href":"https:\/\/storex.se\/en\/wp-json\/wp\/v2\/media?parent=5158"}],"curies":[{"name":"wp","href":"https:\/\/api.w.org\/{rel}","templated":true}]}}