{"id":3355,"date":"2023-01-02T08:11:04","date_gmt":"2023-01-02T07:11:04","guid":{"rendered":"http:\/\/wpdemo.archiwp.com\/theratio\/?page_id=3355"},"modified":"2023-11-13T09:04:06","modified_gmt":"2023-11-13T08:04:06","slug":"startsida","status":"publish","type":"page","link":"https:\/\/storex.se\/en\/","title":{"rendered":"Storex &#8211; Logistikpartner inom 3PL, E-handel och Marknadslogistik"},"content":{"rendered":"<div data-elementor-type=\"wp-page\" data-elementor-id=\"3355\" class=\"elementor elementor-3355\" data-elementor-post-type=\"page\">\n\t\t\t\t\t\t<section class=\"elementor-section elementor-top-section elementor-element elementor-element-870ad2c elementor-section-full_width elementor-section-height-min-height elementor-section-height-default elementor-section-items-middle\" data-id=\"870ad2c\" data-element_type=\"section\" data-settings=\"{&quot;background_background&quot;:&quot;slideshow&quot;,&quot;background_slideshow_gallery&quot;:[{&quot;id&quot;:4647,&quot;url&quot;:&quot;https:\\\/\\\/storex.se\\\/wp-content\\\/uploads\\\/2023\\\/02\\\/Storex117.jpeg&quot;},{&quot;id&quot;:4675,&quot;url&quot;:&quot;https:\\\/\\\/storex.se\\\/wp-content\\\/uploads\\\/2023\\\/02\\\/Storex25.jpeg&quot;},{&quot;id&quot;:5726,&quot;url&quot;:&quot;https:\\\/\\\/storex.se\\\/wp-content\\\/uploads\\\/2023\\\/09\\\/Storex15-1.jpg&quot;}],&quot;background_slideshow_transition_duration&quot;:3000,&quot;background_slideshow_slide_duration&quot;:4000,&quot;background_slideshow_loop&quot;:&quot;yes&quot;,&quot;background_slideshow_slide_transition&quot;:&quot;fade&quot;}\">\n\t\t\t\t\t\t\t<div class=\"elementor-background-overlay\"><\/div>\n\t\t\t\t\t\t\t<div class=\"elementor-container elementor-column-gap-default\">\n\t\t\t\t\t<div class=\"elementor-column elementor-col-100 elementor-top-column elementor-element elementor-element-d429a0a ot-flex-column-vertical\" data-id=\"d429a0a\" data-element_type=\"column\">\n\t\t\t<div class=\"elementor-widget-wrap elementor-element-populated\">\n\t\t\t\t\t\t<div class=\"elementor-element elementor-element-7e61925 elementor-widget elementor-widget-spacer\" data-id=\"7e61925\" data-element_type=\"widget\" data-widget_type=\"spacer.default\">\n\t\t\t\t<div class=\"elementor-widget-container\">\n\t\t\t\t\t\t\t<div class=\"elementor-spacer\">\n\t\t\t<div class=\"elementor-spacer-inner\"><\/div>\n\t\t<\/div>\n\t\t\t\t\t\t<\/div>\n\t\t\t\t<\/div>\n\t\t\t\t<div class=\"elementor-element elementor-element-0649439 elementor-widget__width-initial elementor-widget elementor-widget-heading\" data-id=\"0649439\" data-element_type=\"widget\" data-settings=\"{&quot;_animation&quot;:&quot;none&quot;,&quot;_animation_delay&quot;:1000}\" data-widget_type=\"heading.default\">\n\t\t\t\t<div class=\"elementor-widget-container\">\n\t\t\t\t\t<span class=\"elementor-heading-title elementor-size-default\">Your logistics partner in <br>Stockholm and Gothenburg<\/span>\t\t\t\t<\/div>\n\t\t\t\t<\/div>\n\t\t\t\t<div class=\"elementor-element elementor-element-c809bd4 elementor-widget elementor-widget-spacer\" data-id=\"c809bd4\" data-element_type=\"widget\" data-widget_type=\"spacer.default\">\n\t\t\t\t<div class=\"elementor-widget-container\">\n\t\t\t\t\t\t\t<div class=\"elementor-spacer\">\n\t\t\t<div class=\"elementor-spacer-inner\"><\/div>\n\t\t<\/div>\n\t\t\t\t\t\t<\/div>\n\t\t\t\t<\/div>\n\t\t\t\t<div class=\"elementor-element elementor-element-397b34b elementor-widget elementor-widget-text-editor\" data-id=\"397b34b\" data-element_type=\"widget\" data-widget_type=\"text-editor.default\">\n\t\t\t\t<div class=\"elementor-widget-container\">\n\t\t\t\t\t\t\t\t\t<p>Experts in 3PL, E-commerce &amp; Market logistics with 30 years of experience.<\/p>\t\t\t\t\t\t\t\t<\/div>\n\t\t\t\t<\/div>\n\t\t\t\t<div class=\"elementor-element elementor-element-31e053d elementor-widget elementor-widget-spacer\" data-id=\"31e053d\" data-element_type=\"widget\" data-widget_type=\"spacer.default\">\n\t\t\t\t<div class=\"elementor-widget-container\">\n\t\t\t\t\t\t\t<div class=\"elementor-spacer\">\n\t\t\t<div class=\"elementor-spacer-inner\"><\/div>\n\t\t<\/div>\n\t\t\t\t\t\t<\/div>\n\t\t\t\t<\/div>\n\t\t\t\t<section class=\"elementor-section elementor-inner-section elementor-element elementor-element-b7f025c elementor-section-boxed elementor-section-height-default elementor-section-height-default\" data-id=\"b7f025c\" data-element_type=\"section\">\n\t\t\t\t\t\t<div class=\"elementor-container elementor-column-gap-default\">\n\t\t\t\t\t<div class=\"elementor-column elementor-col-100 elementor-inner-column elementor-element elementor-element-51aeb05 ot-flex-column-vertical\" data-id=\"51aeb05\" data-element_type=\"column\">\n\t\t\t<div class=\"elementor-widget-wrap elementor-element-populated\">\n\t\t\t\t\t\t<div class=\"elementor-element elementor-element-7656f26 elementor-align-center elementor-widget elementor-widget-ibutton\" data-id=\"7656f26\" data-element_type=\"widget\" data-widget_type=\"ibutton.default\">\n\t\t\t\t<div class=\"elementor-widget-container\">\n\t\t\t\t\t\t\t<div class=\"ot-button\">\r\n\t\t\t<a href=\"https:\/\/storex.se\/en\/kontakt\/\" class=\"octf-btn octf-btn-light\">Contact us<\/a>\r\n\t    <\/div>\r\n\t    \t\t\t\t<\/div>\n\t\t\t\t<\/div>\n\t\t\t\t\t<\/div>\n\t\t<\/div>\n\t\t\t\t\t<\/div>\n\t\t<\/section>\n\t\t\t\t\t<\/div>\n\t\t<\/div>\n\t\t\t\t\t<\/div>\n\t\t<\/section>\n\t\t\t\t<section class=\"elementor-section elementor-top-section elementor-element elementor-element-330c406 has-lines-vertical elementor-section-boxed elementor-section-height-default elementor-section-height-default no-lines-vertical-center\" data-id=\"330c406\" data-element_type=\"section\">\n\t\t\t\t\t\t<div class=\"elementor-container elementor-column-gap-default\">\n\t\t\t\t\t<div class=\"elementor-column elementor-col-100 elementor-top-column elementor-element elementor-element-8362cdc ot-flex-column-vertical\" data-id=\"8362cdc\" data-element_type=\"column\">\n\t\t\t<div class=\"elementor-widget-wrap elementor-element-populated\">\n\t\t\t\t\t\t<div class=\"elementor-element elementor-element-20fde82 elementor-widget__width-initial elementor-widget elementor-widget-heading\" data-id=\"20fde82\" data-element_type=\"widget\" data-settings=\"{&quot;_animation&quot;:&quot;none&quot;,&quot;_animation_delay&quot;:1000}\" data-widget_type=\"heading.default\">\n\t\t\t\t<div class=\"elementor-widget-container\">\n\t\t\t\t\t<span class=\"elementor-heading-title elementor-size-default\">Our Services<\/span>\t\t\t\t<\/div>\n\t\t\t\t<\/div>\n\t\t\t\t<section class=\"elementor-section elementor-inner-section elementor-element elementor-element-eb584bd elementor-section-full_width elementor-section-height-default elementor-section-height-default\" data-id=\"eb584bd\" data-element_type=\"section\">\n\t\t\t\t\t\t<div class=\"elementor-container elementor-column-gap-default\">\n\t\t\t\t\t<div class=\"elementor-column elementor-col-50 elementor-inner-column elementor-element elementor-element-ae110e2 ot-flex-column-vertical elementor-invisible\" data-id=\"ae110e2\" data-element_type=\"column\" data-settings=\"{&quot;animation&quot;:&quot;fadeIn&quot;}\">\n\t\t\t<div class=\"elementor-widget-wrap elementor-element-populated\">\n\t\t\t\t\t\t<div class=\"elementor-element elementor-element-26ee5af elementor-widget elementor-widget-iiconbox1\" data-id=\"26ee5af\" data-element_type=\"widget\" data-widget_type=\"iiconbox1.default\">\n\t\t\t\t<div class=\"elementor-widget-container\">\n\t\t\t\t\t\t\t<div class=\"icon-box icon-box--bg-img icon-box--icon-top icon-box--is-line-hover\">\r\n\t\t\t<div class=\"icon-main\">\r\n\t\t        \t\t        \t<i aria-hidden=\"true\" class=\"fas fa-puzzle-piece\"><\/i>\t\t        \t\t\t    \t\t        \t        <\/div>\r\n\t        <div class=\"content-box\">\r\n\t\t        <h5><a href=\"\/en\/vara-tjanster\/tredjepartslogistik\/\">Third-Party Logistics<\/a><\/h5>\r\n\t\t        <p>Small or large volumes, special packaging or fast deliveries? Our services are of course adapted to your company's special needs.<\/p>\r\n\t\t\t<\/div>\r\n\t\t\t\t        \t<div class=\"link-box\">\r\n\t        \t\t<a href=\"\/en\/vara-tjanster\/tredjepartslogistik\/\" class=\"btn-details\">Read more<\/a>\r\n\t        \t<\/div>\r\n\t        \t\r\n\t    <\/div>\r\n\t    \t\t\t\t<\/div>\n\t\t\t\t<\/div>\n\t\t\t\t\t<\/div>\n\t\t<\/div>\n\t\t\t\t<div class=\"elementor-column elementor-col-50 elementor-inner-column elementor-element elementor-element-14ea3de ot-flex-column-vertical elementor-invisible\" data-id=\"14ea3de\" data-element_type=\"column\" data-settings=\"{&quot;animation&quot;:&quot;fadeIn&quot;}\">\n\t\t\t<div class=\"elementor-widget-wrap elementor-element-populated\">\n\t\t\t\t\t\t<div class=\"elementor-element elementor-element-c4cd4ef elementor-widget elementor-widget-iiconbox1\" data-id=\"c4cd4ef\" data-element_type=\"widget\" data-widget_type=\"iiconbox1.default\">\n\t\t\t\t<div class=\"elementor-widget-container\">\n\t\t\t\t\t\t\t<div class=\"icon-box icon-box--bg-img icon-box--icon-top icon-box--is-line-hover\">\r\n\t\t\t<div class=\"icon-main\">\r\n\t\t        \t\t        \t<i aria-hidden=\"true\" class=\"fas fa-shopping-cart\"><\/i>\t\t        \t\t\t    \t\t        \t        <\/div>\r\n\t        <div class=\"content-box\">\r\n\t\t        <h5><a href=\"\/en\/vara-tjanster\/e-handel\/\">E-commerce Logistics<\/a><\/h5>\r\n\t\t        <p>Do you run an e-commerce business? Let us take care of your stock and at the same time, we make sure to shorten delivery times for your customers.<\/p>\r\n\t\t\t<\/div>\r\n\t\t\t\t        \t<div class=\"link-box\">\r\n\t        \t\t<a href=\"\/en\/vara-tjanster\/e-handel\/\" class=\"btn-details\">Read more<\/a>\r\n\t        \t<\/div>\r\n\t        \t\r\n\t    <\/div>\r\n\t    \t\t\t\t<\/div>\n\t\t\t\t<\/div>\n\t\t\t\t\t<\/div>\n\t\t<\/div>\n\t\t\t\t\t<\/div>\n\t\t<\/section>\n\t\t\t\t<section class=\"elementor-section elementor-inner-section elementor-element elementor-element-a4749cc elementor-section-full_width elementor-section-height-default elementor-section-height-default\" data-id=\"a4749cc\" data-element_type=\"section\">\n\t\t\t\t\t\t<div class=\"elementor-container elementor-column-gap-default\">\n\t\t\t\t\t<div class=\"elementor-column elementor-col-50 elementor-inner-column elementor-element elementor-element-df754b9 ot-flex-column-vertical elementor-invisible\" data-id=\"df754b9\" data-element_type=\"column\" data-settings=\"{&quot;animation&quot;:&quot;fadeIn&quot;}\">\n\t\t\t<div class=\"elementor-widget-wrap elementor-element-populated\">\n\t\t\t\t\t\t<div class=\"elementor-element elementor-element-5b29a9b elementor-widget elementor-widget-iiconbox1\" data-id=\"5b29a9b\" data-element_type=\"widget\" data-widget_type=\"iiconbox1.default\">\n\t\t\t\t<div class=\"elementor-widget-container\">\n\t\t\t\t\t\t\t<div class=\"icon-box icon-box--bg-img icon-box--icon-top icon-box--is-line-hover\">\r\n\t\t\t<div class=\"icon-main\">\r\n\t\t        \t\t        \t<i aria-hidden=\"true\" class=\"fas fa-sitemap\"><\/i>\t\t        \t\t\t    \t\t        \t        <\/div>\r\n\t        <div class=\"content-box\">\r\n\t\t        <h5><a href=\"\/en\/vara-tjanster\/marknadslogistik\/\">Market Logistics<\/a><\/h5>\r\n\t\t        <p>Let Storex keep your branding and marketing material in order. We offer a unique web-based ordering system for sales force and retailers. <\/p>\r\n\t\t\t<\/div>\r\n\t\t\t\t        \t<div class=\"link-box\">\r\n\t        \t\t<a href=\"\/en\/vara-tjanster\/marknadslogistik\/\" class=\"btn-details\">Read more<\/a>\r\n\t        \t<\/div>\r\n\t        \t\r\n\t    <\/div>\r\n\t    \t\t\t\t<\/div>\n\t\t\t\t<\/div>\n\t\t\t\t\t<\/div>\n\t\t<\/div>\n\t\t\t\t<div class=\"elementor-column elementor-col-50 elementor-inner-column elementor-element elementor-element-6d95798 ot-flex-column-vertical elementor-invisible\" data-id=\"6d95798\" data-element_type=\"column\" data-settings=\"{&quot;animation&quot;:&quot;fadeIn&quot;}\">\n\t\t\t<div class=\"elementor-widget-wrap elementor-element-populated\">\n\t\t\t\t\t\t<div class=\"elementor-element elementor-element-d7df985 elementor-widget elementor-widget-iiconbox1\" data-id=\"d7df985\" data-element_type=\"widget\" data-widget_type=\"iiconbox1.default\">\n\t\t\t\t<div class=\"elementor-widget-container\">\n\t\t\t\t\t\t\t<div class=\"icon-box icon-box--bg-img icon-box--icon-top icon-box--is-line-hover\">\r\n\t\t\t<div class=\"icon-main\">\r\n\t\t        \t\t        \t<i aria-hidden=\"true\" class=\"fas fa-warehouse\"><\/i>\t\t        \t\t\t    \t\t        \t        <\/div>\r\n\t        <div class=\"content-box\">\r\n\t\t        <h5><a href=\"\/en\/vara-tjanster\/tullager\/\">Customs Warehouse<\/a><\/h5>\r\n\t\t        <p>Let us store your duty-free goods without you having to deal with customs duties and taxes. We also help you with export and import documents.<\/p>\r\n\t\t\t<\/div>\r\n\t\t\t\t        \t<div class=\"link-box\">\r\n\t        \t\t<a href=\"\/en\/vara-tjanster\/tullager\/\" class=\"btn-details\">Read more<\/a>\r\n\t        \t<\/div>\r\n\t        \t\r\n\t    <\/div>\r\n\t    \t\t\t\t<\/div>\n\t\t\t\t<\/div>\n\t\t\t\t\t<\/div>\n\t\t<\/div>\n\t\t\t\t\t<\/div>\n\t\t<\/section>\n\t\t\t\t<section class=\"elementor-section elementor-inner-section elementor-element elementor-element-4c61b7d elementor-section-full_width elementor-section-height-default elementor-section-height-default\" data-id=\"4c61b7d\" data-element_type=\"section\">\n\t\t\t\t\t\t<div class=\"elementor-container elementor-column-gap-extended\">\n\t\t\t\t\t<div class=\"elementor-column elementor-col-33 elementor-inner-column elementor-element elementor-element-b362b70 ot-flex-column-vertical\" data-id=\"b362b70\" data-element_type=\"column\">\n\t\t\t<div class=\"elementor-widget-wrap elementor-element-populated\">\n\t\t\t\t\t\t<div class=\"elementor-element elementor-element-74ad190 elementor-widget elementor-widget-icounter\" data-id=\"74ad190\" data-element_type=\"widget\" data-widget_type=\"icounter.default\">\n\t\t\t\t<div class=\"elementor-widget-container\">\n\t\t\t\t\t    \t<div class=\"ot-counter\" data-counter=\"90\">\r\n        \t<div>\r\n        \t\t<span><\/span>\r\n        \t\t<span class=\"num\" data-to=\"90\" data-time= \"2000\"><\/span>\r\n        \t\t<span>+<\/span>\r\n        \t<\/div>\r\n        \t<h6>Number of employees<\/h6>      \t\t\t\t        \r\n\t    <\/div>\r\n\t    \t\t\t\t<\/div>\n\t\t\t\t<\/div>\n\t\t\t\t\t<\/div>\n\t\t<\/div>\n\t\t\t\t<div class=\"elementor-column elementor-col-33 elementor-inner-column elementor-element elementor-element-41ed4bd ot-flex-column-vertical\" data-id=\"41ed4bd\" data-element_type=\"column\">\n\t\t\t<div class=\"elementor-widget-wrap elementor-element-populated\">\n\t\t\t\t\t\t<div class=\"elementor-element elementor-element-1d9bc42 elementor-widget elementor-widget-icounter\" data-id=\"1d9bc42\" data-element_type=\"widget\" data-widget_type=\"icounter.default\">\n\t\t\t\t<div class=\"elementor-widget-container\">\n\t\t\t\t\t    \t<div class=\"ot-counter\" data-counter=\"99.9\">\r\n        \t<div>\r\n        \t\t<span><\/span>\r\n        \t\t<span class=\"num\" data-to=\"99.9\" data-time= \"2000\"><\/span>\r\n        \t\t<span>%<\/span>\r\n        \t<\/div>\r\n        \t<h6>sent order lines without mispicking<\/h6>      \t\t\t\t        \r\n\t    <\/div>\r\n\t    \t\t\t\t<\/div>\n\t\t\t\t<\/div>\n\t\t\t\t\t<\/div>\n\t\t<\/div>\n\t\t\t\t<div class=\"elementor-column elementor-col-33 elementor-inner-column elementor-element elementor-element-365148d ot-flex-column-vertical\" data-id=\"365148d\" data-element_type=\"column\">\n\t\t\t<div class=\"elementor-widget-wrap elementor-element-populated\">\n\t\t\t\t\t\t<div class=\"elementor-element elementor-element-4f7e20c elementor-widget elementor-widget-icounter\" data-id=\"4f7e20c\" data-element_type=\"widget\" data-widget_type=\"icounter.default\">\n\t\t\t\t<div class=\"elementor-widget-container\">\n\t\t\t\t\t    \t<div class=\"ot-counter\" data-counter=\"100\">\r\n        \t<div>\r\n        \t\t<span><\/span>\r\n        \t\t<span class=\"num\" data-to=\"100\" data-time= \"2000\"><\/span>\r\n        \t\t<span>+<\/span>\r\n        \t<\/div>\r\n        \t<h6>Countries we deliver to<\/h6>      \t\t\t\t        \r\n\t    <\/div>\r\n\t    \t\t\t\t<\/div>\n\t\t\t\t<\/div>\n\t\t\t\t\t<\/div>\n\t\t<\/div>\n\t\t\t\t\t<\/div>\n\t\t<\/section>\n\t\t\t\t\t<\/div>\n\t\t<\/div>\n\t\t\t\t\t<\/div>\n\t\t<\/section>\n\t\t\t\t<section class=\"elementor-section elementor-top-section elementor-element elementor-element-73a1cb3 elementor-section-content-middle has-lines-vertical elementor-section-boxed elementor-section-height-default elementor-section-height-default no-lines-vertical-center\" data-id=\"73a1cb3\" data-element_type=\"section\">\n\t\t\t\t\t\t<div class=\"elementor-container elementor-column-gap-extended\">\n\t\t\t\t\t<div class=\"elementor-column elementor-col-50 elementor-top-column elementor-element elementor-element-0f08955 elementor-hidden-tablet elementor-hidden-mobile ot-flex-column-vertical elementor-invisible\" data-id=\"0f08955\" data-element_type=\"column\" data-settings=\"{&quot;animation&quot;:&quot;fadeInUp&quot;}\">\n\t\t\t<div class=\"elementor-widget-wrap elementor-element-populated\">\n\t\t\t\t\t\t<div class=\"elementor-element elementor-element-9fd407c elementor-widget elementor-widget-image\" data-id=\"9fd407c\" data-element_type=\"widget\" data-widget_type=\"image.default\">\n\t\t\t\t<div class=\"elementor-widget-container\">\n\t\t\t\t\t\t\t\t\t\t\t\t\t\t\t<img fetchpriority=\"high\" decoding=\"async\" width=\"853\" height=\"1280\" src=\"https:\/\/storex.se\/wp-content\/uploads\/2023\/02\/Storex102.jpeg\" class=\"attachment-full size-full wp-image-4642\" alt=\"Storex - Experter inom 3PL, E-handelslogistik och Marknadslogistik.\" srcset=\"https:\/\/storex.se\/wp-content\/uploads\/2023\/02\/Storex102.jpeg 853w, https:\/\/storex.se\/wp-content\/uploads\/2023\/02\/Storex102-200x300.jpeg 200w, https:\/\/storex.se\/wp-content\/uploads\/2023\/02\/Storex102-682x1024.jpeg 682w, https:\/\/storex.se\/wp-content\/uploads\/2023\/02\/Storex102-768x1152.jpeg 768w\" sizes=\"(max-width: 853px) 100vw, 853px\" \/>\t\t\t\t\t\t\t\t\t\t\t\t\t\t\t<\/div>\n\t\t\t\t<\/div>\n\t\t\t\t\t<\/div>\n\t\t<\/div>\n\t\t\t\t<div class=\"elementor-column elementor-col-50 elementor-top-column elementor-element elementor-element-c25cf0a ot-flex-column-vertical\" data-id=\"c25cf0a\" data-element_type=\"column\">\n\t\t\t<div class=\"elementor-widget-wrap elementor-element-populated\">\n\t\t\t\t\t\t<div class=\"elementor-element elementor-element-bfba2fc elementor-widget elementor-widget-iheading\" data-id=\"bfba2fc\" data-element_type=\"widget\" data-widget_type=\"iheading.default\">\n\t\t\t\t<div class=\"elementor-widget-container\">\n\t\t\t\t\t\t\t<div class=\"ot-heading\">\r\n\t        \t            <span>About Storex<\/span>\r\n\t        \t        <h2 class=\"main-heading\">Family-owned logistics company<\/h2>\r\n\t        \t    <\/div>\r\n\t    \t\t\t\t<\/div>\n\t\t\t\t<\/div>\n\t\t\t\t<div class=\"elementor-element elementor-element-f12f171 elementor-widget elementor-widget-text-editor\" data-id=\"f12f171\" data-element_type=\"widget\" data-widget_type=\"text-editor.default\">\n\t\t\t\t<div class=\"elementor-widget-container\">\n\t\t\t\t\t\t\t\t\t<p>Storex was started back in 1987 and is family owned in the second generation. Today the company is run by four siblings who have service in their blood and a strong commitment. As a customer, you can count on personal treatment and short decision-making processes. Storex has around 90 employees and a turnover of approximately SEK 140 million per year.<\/p>\t\t\t\t\t\t\t\t<\/div>\n\t\t\t\t<\/div>\n\t\t\t\t<div class=\"elementor-element elementor-element-32ba4c0 elementor-widget elementor-widget-text-editor\" data-id=\"32ba4c0\" data-element_type=\"widget\" data-widget_type=\"text-editor.default\">\n\t\t\t\t<div class=\"elementor-widget-container\">\n\t\t\t\t\t\t\t\t\t<p>We\u00a0work\u00a0with customers in e-commerce, market logistics and traditional retail, among others. Every day we handle loads of goods and ship large volumes of goods worldwide.<\/p>\t\t\t\t\t\t\t\t<\/div>\n\t\t\t\t<\/div>\n\t\t\t\t<div class=\"elementor-element elementor-element-f751577 elementor-widget elementor-widget-ibutton\" data-id=\"f751577\" data-element_type=\"widget\" data-widget_type=\"ibutton.default\">\n\t\t\t\t<div class=\"elementor-widget-container\">\n\t\t\t\t\t\t\t<div class=\"ot-button\">\r\n\t\t\t<a href=\"\/en\/om-oss\/\" class=\"octf-btn octf-btn-dark\">Read more about Storex<\/a>\r\n\t    <\/div>\r\n\t    \t\t\t\t<\/div>\n\t\t\t\t<\/div>\n\t\t\t\t\t<\/div>\n\t\t<\/div>\n\t\t\t\t\t<\/div>\n\t\t<\/section>\n\t\t\t\t<section class=\"elementor-section elementor-top-section elementor-element elementor-element-ae3f571 elementor-section-boxed elementor-section-height-default elementor-section-height-default\" data-id=\"ae3f571\" data-element_type=\"section\" data-settings=\"{&quot;background_background&quot;:&quot;classic&quot;}\">\n\t\t\t\t\t\t\t<div class=\"elementor-background-overlay\"><\/div>\n\t\t\t\t\t\t\t<div class=\"elementor-container elementor-column-gap-default\">\n\t\t\t\t\t<div class=\"elementor-column elementor-col-100 elementor-top-column elementor-element elementor-element-9096a77 ot-column-items-center ot-flex-column-vertical\" data-id=\"9096a77\" data-element_type=\"column\">\n\t\t\t<div class=\"elementor-widget-wrap elementor-element-populated\">\n\t\t\t\t\t\t<div class=\"elementor-element elementor-element-5c68867 elementor-widget elementor-widget-spacer\" data-id=\"5c68867\" data-element_type=\"widget\" data-widget_type=\"spacer.default\">\n\t\t\t\t<div class=\"elementor-widget-container\">\n\t\t\t\t\t\t\t<div class=\"elementor-spacer\">\n\t\t\t<div class=\"elementor-spacer-inner\"><\/div>\n\t\t<\/div>\n\t\t\t\t\t\t<\/div>\n\t\t\t\t<\/div>\n\t\t\t\t<div class=\"elementor-element elementor-element-0772067 elementor-widget elementor-widget-heading\" data-id=\"0772067\" data-element_type=\"widget\" data-widget_type=\"heading.default\">\n\t\t\t\t<div class=\"elementor-widget-container\">\n\t\t\t\t\t<h1 class=\"elementor-heading-title elementor-size-default\">Companies have different logistics needs<\/h1>\t\t\t\t<\/div>\n\t\t\t\t<\/div>\n\t\t\t\t<div class=\"elementor-element elementor-element-98db5ab elementor-widget elementor-widget-text-editor\" data-id=\"98db5ab\" data-element_type=\"widget\" data-widget_type=\"text-editor.default\">\n\t\t\t\t<div class=\"elementor-widget-container\">\n\t\t\t\t\t\t\t\t\t<p>Are you curious about how we can improve your current logistics solutions together?<\/p>\t\t\t\t\t\t\t\t<\/div>\n\t\t\t\t<\/div>\n\t\t\t\t<div class=\"elementor-element elementor-element-1ee155a elementor-align-center elementor-widget elementor-widget-ibutton\" data-id=\"1ee155a\" data-element_type=\"widget\" data-widget_type=\"ibutton.default\">\n\t\t\t\t<div class=\"elementor-widget-container\">\n\t\t\t\t\t\t\t<div class=\"ot-button\">\r\n\t\t\t<a href=\"\/en\/kontakt\/\" class=\"octf-btn octf-btn-light\">Contact us<\/a>\r\n\t    <\/div>\r\n\t    \t\t\t\t<\/div>\n\t\t\t\t<\/div>\n\t\t\t\t<div class=\"elementor-element elementor-element-a1c56b5 elementor-widget elementor-widget-spacer\" data-id=\"a1c56b5\" data-element_type=\"widget\" data-widget_type=\"spacer.default\">\n\t\t\t\t<div class=\"elementor-widget-container\">\n\t\t\t\t\t\t\t<div class=\"elementor-spacer\">\n\t\t\t<div class=\"elementor-spacer-inner\"><\/div>\n\t\t<\/div>\n\t\t\t\t\t\t<\/div>\n\t\t\t\t<\/div>\n\t\t\t\t\t<\/div>\n\t\t<\/div>\n\t\t\t\t\t<\/div>\n\t\t<\/section>\n\t\t\t\t<\/div>","protected":false},"excerpt":{"rendered":"<p>Er logistikpartner i Stockholm och G\u00f6teborg Experter inom 3PL, e-handel &amp; marknadslogistik med 30 \u00e5rs erfarenhet. Bli kund V\u00c5RA TJ\u00c4NSTER TREDJEPARTSLOGISTIK Sm\u00e5 eller stora volymer, specialpackning eller snabba leveranser? V\u00e5ra tj\u00e4nster anpassas givetvis efter ert f\u00f6retags speciella behov. L\u00e4s mer E-HANDELSLOGISTIK Driver ni e-handel? L\u00e5t oss ta hand om ert varulager och hj\u00e4lpa er att [&hellip;]<\/p>","protected":false},"author":1,"featured_media":0,"parent":0,"menu_order":0,"comment_status":"closed","ping_status":"closed","template":"","meta":{"footnotes":""},"class_list":["post-3355","page","type-page","status-publish","hentry"],"aioseo_notices":[],"_links":{"self":[{"href":"https:\/\/storex.se\/en\/wp-json\/wp\/v2\/pages\/3355","targetHints":{"allow":["GET"]}}],"collection":[{"href":"https:\/\/storex.se\/en\/wp-json\/wp\/v2\/pages"}],"about":[{"href":"https:\/\/storex.se\/en\/wp-json\/wp\/v2\/types\/page"}],"author":[{"embeddable":true,"href":"https:\/\/storex.se\/en\/wp-json\/wp\/v2\/users\/1"}],"replies":[{"embeddable":true,"href":"https:\/\/storex.se\/en\/wp-json\/wp\/v2\/comments?post=3355"}],"version-history":[{"count":0,"href":"https:\/\/storex.se\/en\/wp-json\/wp\/v2\/pages\/3355\/revisions"}],"wp:attachment":[{"href":"https:\/\/storex.se\/en\/wp-json\/wp\/v2\/media?parent=3355"}],"curies":[{"name":"wp","href":"https:\/\/api.w.org\/{rel}","templated":true}]}}