{"id":2405,"date":"2020-05-14T07:52:00","date_gmt":"2020-05-14T07:52:00","guid":{"rendered":"http:\/\/localhost\/theratio\/?page_id=2405"},"modified":"2023-11-13T09:08:39","modified_gmt":"2023-11-13T08:08:39","slug":"vara-tjanster","status":"publish","type":"page","link":"https:\/\/storex.se\/en\/vara-tjanster\/","title":{"rendered":"Our Services"},"content":{"rendered":"<div data-elementor-type=\"wp-page\" data-elementor-id=\"2405\" class=\"elementor elementor-2405\" data-elementor-post-type=\"page\">\n\t\t\t\t\t\t<section class=\"elementor-section elementor-top-section elementor-element elementor-element-d1e10a8 elementor-section-height-min-height elementor-section-boxed elementor-section-height-default elementor-section-items-middle\" data-id=\"d1e10a8\" data-element_type=\"section\" data-settings=\"{&quot;background_background&quot;:&quot;classic&quot;}\">\n\t\t\t\t\t\t\t<div class=\"elementor-background-overlay\"><\/div>\n\t\t\t\t\t\t\t<div class=\"elementor-container elementor-column-gap-extended\">\n\t\t\t\t\t<div class=\"elementor-column elementor-col-50 elementor-top-column elementor-element elementor-element-a7ee26a ot-flex-column-vertical\" data-id=\"a7ee26a\" data-element_type=\"column\">\n\t\t\t<div class=\"elementor-widget-wrap elementor-element-populated\">\n\t\t\t\t\t\t<div class=\"elementor-element elementor-element-40fff86 elementor-widget elementor-widget-spacer\" data-id=\"40fff86\" data-element_type=\"widget\" data-widget_type=\"spacer.default\">\n\t\t\t\t<div class=\"elementor-widget-container\">\n\t\t\t\t\t\t\t<div class=\"elementor-spacer\">\n\t\t\t<div class=\"elementor-spacer-inner\"><\/div>\n\t\t<\/div>\n\t\t\t\t\t\t<\/div>\n\t\t\t\t<\/div>\n\t\t\t\t<div class=\"elementor-element elementor-element-49d6095 theratio-align-left elementor-widget elementor-widget-iheading\" data-id=\"49d6095\" data-element_type=\"widget\" data-widget_type=\"iheading.default\">\n\t\t\t\t<div class=\"elementor-widget-container\">\n\t\t\t\t\t\t\t<div class=\"ot-heading\">\r\n\t        \t        <h2 class=\"main-heading\">Our Services<\/h2>\r\n\t        \t    <\/div>\r\n\t    \t\t\t\t<\/div>\n\t\t\t\t<\/div>\n\t\t\t\t<div class=\"elementor-element elementor-element-2c40524 elementor-widget elementor-widget-text-editor\" data-id=\"2c40524\" data-element_type=\"widget\" data-widget_type=\"text-editor.default\">\n\t\t\t\t<div class=\"elementor-widget-container\">\n\t\t\t\t\t\t\t\t\t<p>Storex has more than 30 years of experience in logistics. With that experience and knowledge, we are a reliable partner to your company. With the help of digitization and automation, we provide fast and efficient services. Read more about our offers below.<\/p>\t\t\t\t\t\t\t\t<\/div>\n\t\t\t\t<\/div>\n\t\t\t\t<div class=\"elementor-element elementor-element-ba7155b elementor-align-left elementor-widget elementor-widget-ibutton\" data-id=\"ba7155b\" data-element_type=\"widget\" data-widget_type=\"ibutton.default\">\n\t\t\t\t<div class=\"elementor-widget-container\">\n\t\t\t\t\t\t\t<div class=\"ot-button\">\r\n\t\t\t<a href=\"\/en\/kontakt\/\" class=\"octf-btn octf-btn-light\">CONTACT US<\/a>\r\n\t    <\/div>\r\n\t    \t\t\t\t<\/div>\n\t\t\t\t<\/div>\n\t\t\t\t\t<\/div>\n\t\t<\/div>\n\t\t\t\t<div class=\"elementor-column elementor-col-50 elementor-top-column elementor-element elementor-element-02fc4d2 ot-flex-column-vertical\" data-id=\"02fc4d2\" data-element_type=\"column\">\n\t\t\t<div class=\"elementor-widget-wrap elementor-element-populated\">\n\t\t\t\t\t\t<div class=\"elementor-element elementor-element-ca1584e elementor-widget elementor-widget-spacer\" data-id=\"ca1584e\" data-element_type=\"widget\" data-widget_type=\"spacer.default\">\n\t\t\t\t<div class=\"elementor-widget-container\">\n\t\t\t\t\t\t\t<div class=\"elementor-spacer\">\n\t\t\t<div class=\"elementor-spacer-inner\"><\/div>\n\t\t<\/div>\n\t\t\t\t\t\t<\/div>\n\t\t\t\t<\/div>\n\t\t\t\t\t<\/div>\n\t\t<\/div>\n\t\t\t\t\t<\/div>\n\t\t<\/section>\n\t\t\t\t<section class=\"elementor-section elementor-top-section elementor-element elementor-element-0a5112b has-lines-vertical elementor-section-boxed elementor-section-height-default elementor-section-height-default no-lines-vertical-center\" data-id=\"0a5112b\" data-element_type=\"section\">\n\t\t\t\t\t\t<div class=\"elementor-container elementor-column-gap-default\">\n\t\t\t\t\t<div class=\"elementor-column elementor-col-100 elementor-top-column elementor-element elementor-element-24f2fb3 ot-flex-column-vertical\" data-id=\"24f2fb3\" data-element_type=\"column\">\n\t\t\t<div class=\"elementor-widget-wrap elementor-element-populated\">\n\t\t\t\t\t\t<section class=\"elementor-section elementor-inner-section elementor-element elementor-element-23d1d1b elementor-section-full_width elementor-section-height-default elementor-section-height-default\" data-id=\"23d1d1b\" data-element_type=\"section\">\n\t\t\t\t\t\t<div class=\"elementor-container elementor-column-gap-default\">\n\t\t\t\t\t<div class=\"elementor-column elementor-col-50 elementor-inner-column elementor-element elementor-element-298d91a ot-flex-column-vertical elementor-invisible\" data-id=\"298d91a\" data-element_type=\"column\" data-settings=\"{&quot;animation&quot;:&quot;fadeIn&quot;}\">\n\t\t\t<div class=\"elementor-widget-wrap elementor-element-populated\">\n\t\t\t\t\t\t<div class=\"elementor-element elementor-element-62fc16d elementor-widget elementor-widget-iiconbox1\" data-id=\"62fc16d\" data-element_type=\"widget\" data-widget_type=\"iiconbox1.default\">\n\t\t\t\t<div class=\"elementor-widget-container\">\n\t\t\t\t\t\t\t<div class=\"icon-box icon-box--bg-img icon-box--icon-top icon-box--is-line-hover\">\r\n\t\t\t<div class=\"icon-main\">\r\n\t\t        \t\t        \t<i aria-hidden=\"true\" class=\"fas fa-puzzle-piece\"><\/i>\t\t        \t\t\t    \t\t        \t        <\/div>\r\n\t        <div class=\"content-box\">\r\n\t\t        <h5><a href=\"\/en\/vara-tjanster\/tredjepartslogistik\/\">Third-Party Logistics<\/a><\/h5>\r\n\t\t        <p>Small or large volumes, special packaging or fast deliveries? Our services are of course adapted to your company's special needs.<\/p>\r\n\t\t\t<\/div>\r\n\t\t\t\t        \t<div class=\"link-box\">\r\n\t        \t\t<a href=\"\/en\/vara-tjanster\/tredjepartslogistik\/\" class=\"btn-details\">Read more<\/a>\r\n\t        \t<\/div>\r\n\t        \t\r\n\t    <\/div>\r\n\t    \t\t\t\t<\/div>\n\t\t\t\t<\/div>\n\t\t\t\t\t<\/div>\n\t\t<\/div>\n\t\t\t\t<div class=\"elementor-column elementor-col-50 elementor-inner-column elementor-element elementor-element-1dd18ca ot-flex-column-vertical elementor-invisible\" data-id=\"1dd18ca\" data-element_type=\"column\" data-settings=\"{&quot;animation&quot;:&quot;fadeIn&quot;}\">\n\t\t\t<div class=\"elementor-widget-wrap elementor-element-populated\">\n\t\t\t\t\t\t<div class=\"elementor-element elementor-element-3c28528 elementor-widget elementor-widget-iiconbox1\" data-id=\"3c28528\" data-element_type=\"widget\" data-widget_type=\"iiconbox1.default\">\n\t\t\t\t<div class=\"elementor-widget-container\">\n\t\t\t\t\t\t\t<div class=\"icon-box icon-box--bg-img icon-box--icon-top icon-box--is-line-hover\">\r\n\t\t\t<div class=\"icon-main\">\r\n\t\t        \t\t        \t<i aria-hidden=\"true\" class=\"fas fa-shopping-cart\"><\/i>\t\t        \t\t\t    \t\t        \t        <\/div>\r\n\t        <div class=\"content-box\">\r\n\t\t        <h5><a href=\"\/en\/vara-tjanster\/e-handel\/\">E-commerce Logistics<\/a><\/h5>\r\n\t\t        <p>Do you run an e-commerce business? Let us take care of your stock and at the same time, we make sure to shorten delivery times for your customers.<\/p>\r\n\t\t\t<\/div>\r\n\t\t\t\t        \t<div class=\"link-box\">\r\n\t        \t\t<a href=\"\/en\/vara-tjanster\/e-handel\/\" class=\"btn-details\">Read more<\/a>\r\n\t        \t<\/div>\r\n\t        \t\r\n\t    <\/div>\r\n\t    \t\t\t\t<\/div>\n\t\t\t\t<\/div>\n\t\t\t\t\t<\/div>\n\t\t<\/div>\n\t\t\t\t\t<\/div>\n\t\t<\/section>\n\t\t\t\t<section class=\"elementor-section elementor-inner-section elementor-element elementor-element-40c4f57 elementor-section-full_width elementor-section-height-default elementor-section-height-default\" data-id=\"40c4f57\" data-element_type=\"section\">\n\t\t\t\t\t\t<div class=\"elementor-container elementor-column-gap-default\">\n\t\t\t\t\t<div class=\"elementor-column elementor-col-50 elementor-inner-column elementor-element elementor-element-a307602 ot-flex-column-vertical elementor-invisible\" data-id=\"a307602\" data-element_type=\"column\" data-settings=\"{&quot;animation&quot;:&quot;fadeIn&quot;}\">\n\t\t\t<div class=\"elementor-widget-wrap elementor-element-populated\">\n\t\t\t\t\t\t<div class=\"elementor-element elementor-element-5906097 elementor-widget elementor-widget-iiconbox1\" data-id=\"5906097\" data-element_type=\"widget\" data-widget_type=\"iiconbox1.default\">\n\t\t\t\t<div class=\"elementor-widget-container\">\n\t\t\t\t\t\t\t<div class=\"icon-box icon-box--bg-img icon-box--icon-top icon-box--is-line-hover\">\r\n\t\t\t<div class=\"icon-main\">\r\n\t\t        \t\t        \t<i aria-hidden=\"true\" class=\"fas fa-sitemap\"><\/i>\t\t        \t\t\t    \t\t        \t        <\/div>\r\n\t        <div class=\"content-box\">\r\n\t\t        <h5><a href=\"\/en\/vara-tjanster\/marknadslogistik\/\">Market Logistics<\/a><\/h5>\r\n\t\t        <p>Let Storex keep your branding and marketing material in order. We offer a unique web-based ordering system for sales force and retailers. <\/p>\r\n\t\t\t<\/div>\r\n\t\t\t\t        \t<div class=\"link-box\">\r\n\t        \t\t<a href=\"\/en\/vara-tjanster\/marknadslogistik\/\" class=\"btn-details\">Read more<\/a>\r\n\t        \t<\/div>\r\n\t        \t\r\n\t    <\/div>\r\n\t    \t\t\t\t<\/div>\n\t\t\t\t<\/div>\n\t\t\t\t\t<\/div>\n\t\t<\/div>\n\t\t\t\t<div class=\"elementor-column elementor-col-50 elementor-inner-column elementor-element elementor-element-7169531 ot-flex-column-vertical elementor-invisible\" data-id=\"7169531\" data-element_type=\"column\" data-settings=\"{&quot;animation&quot;:&quot;fadeIn&quot;}\">\n\t\t\t<div class=\"elementor-widget-wrap elementor-element-populated\">\n\t\t\t\t\t\t<div class=\"elementor-element elementor-element-71019cb elementor-widget elementor-widget-iiconbox1\" data-id=\"71019cb\" data-element_type=\"widget\" data-widget_type=\"iiconbox1.default\">\n\t\t\t\t<div class=\"elementor-widget-container\">\n\t\t\t\t\t\t\t<div class=\"icon-box icon-box--bg-img icon-box--icon-top icon-box--is-line-hover\">\r\n\t\t\t<div class=\"icon-main\">\r\n\t\t        \t\t        \t<i aria-hidden=\"true\" class=\"fas fa-warehouse\"><\/i>\t\t        \t\t\t    \t\t        \t        <\/div>\r\n\t        <div class=\"content-box\">\r\n\t\t        <h5><a href=\"\/en\/vara-tjanster\/tullager\/\">Customs Warehouse<\/a><\/h5>\r\n\t\t        <p>Let us store your duty-free goods without you having to deal with customs duties and taxes. We also help you with export and import documents.<\/p>\r\n\t\t\t<\/div>\r\n\t\t\t\t        \t<div class=\"link-box\">\r\n\t        \t\t<a href=\"\/en\/vara-tjanster\/tullager\/\" class=\"btn-details\">Read more<\/a>\r\n\t        \t<\/div>\r\n\t        \t\r\n\t    <\/div>\r\n\t    \t\t\t\t<\/div>\n\t\t\t\t<\/div>\n\t\t\t\t\t<\/div>\n\t\t<\/div>\n\t\t\t\t\t<\/div>\n\t\t<\/section>\n\t\t\t\t\t<\/div>\n\t\t<\/div>\n\t\t\t\t\t<\/div>\n\t\t<\/section>\n\t\t\t\t<\/div>","protected":false},"excerpt":{"rendered":"<p>V\u00e5ra tj\u00e4nster Storex har \u00f6ver 30 \u00e5rs erfarenhet av logistik. Med den erfarenheten och kunskapen \u00e4r vi en trygg partner till ditt f\u00f6retag. Med hj\u00e4lp av digitalisering och automatisering tillhandah\u00e5ller vi snabba och effektiva tj\u00e4nster. L\u00e4s mer om v\u00e5ra erbjudanden h\u00e4r nedan. BLI KUND TREDJEPARTSLOGISTIK Sm\u00e5 eller stora volymer, specialpackning eller snabba leveranser? V\u00e5ra tj\u00e4nster [&hellip;]<\/p>","protected":false},"author":1,"featured_media":0,"parent":0,"menu_order":0,"comment_status":"closed","ping_status":"closed","template":"","meta":{"footnotes":""},"class_list":["post-2405","page","type-page","status-publish","hentry"],"aioseo_notices":[],"_links":{"self":[{"href":"https:\/\/storex.se\/en\/wp-json\/wp\/v2\/pages\/2405","targetHints":{"allow":["GET"]}}],"collection":[{"href":"https:\/\/storex.se\/en\/wp-json\/wp\/v2\/pages"}],"about":[{"href":"https:\/\/storex.se\/en\/wp-json\/wp\/v2\/types\/page"}],"author":[{"embeddable":true,"href":"https:\/\/storex.se\/en\/wp-json\/wp\/v2\/users\/1"}],"replies":[{"embeddable":true,"href":"https:\/\/storex.se\/en\/wp-json\/wp\/v2\/comments?post=2405"}],"version-history":[{"count":0,"href":"https:\/\/storex.se\/en\/wp-json\/wp\/v2\/pages\/2405\/revisions"}],"wp:attachment":[{"href":"https:\/\/storex.se\/en\/wp-json\/wp\/v2\/media?parent=2405"}],"curies":[{"name":"wp","href":"https:\/\/api.w.org\/{rel}","templated":true}]}}